{"id":29660,"date":"2024-03-26T13:30:14","date_gmt":"2024-03-26T16:30:14","guid":{"rendered":"https:\/\/dev.animativa.com\/institucional\/"},"modified":"2024-11-04T14:22:29","modified_gmt":"2024-11-04T17:22:29","slug":"institucional","status":"publish","type":"page","link":"https:\/\/www.animativa.com\/en\/institucional\/","title":{"rendered":"Institutional"},"content":{"rendered":"  \n  <section class=\"institutional-hero\">\n    <div class=\"grafismo\">\n      <img decoding=\"async\" loading=\"lazy\" src=\"https:\/\/www.animativa.com\/wp-content\/themes\/futurebrand\/img\/grafismos\/grafismo-inst-1.svg\" alt=\"\">\n    <\/div>\n\n    <div class=\"container\">\n      <div class=\"about-grid\">\n                  <div id=\"js-image\" class=\"image\">\n            <img decoding=\"async\" loading=\"lazy\" src=\"https:\/\/www.animativa.com\/wp-content\/uploads\/2024\/07\/animativa-vertical-vetor.svg\" alt=\"\">\n          <\/div>\n        \n        <div id=\"js-content\" class=\"content\" data-animation=\"fadeInRight\">\n          <span>Institutional<\/span>\n          <h1 aria-label=\"Discover Animativa!\" data-text=\"Discover Animativa!\" data-text-style=\"discOver aniMativa\">\n            <span class=\"lowercase\">Disc<\/span><span class=\"uppercase\">o<\/span><span class=\"lowercase\">ver<\/span><span class=\"uppercase\"> <\/span><span class=\"lowercase\">ani<\/span><span class=\"uppercase\">m<\/span><span class=\"lowercase\">ativa<\/span>          <\/h1>\n                      <p>Animativa was created in 1944, operating in the graphics market with the printing of newspapers, standardized forms, books and certificates.<br \/>\nHeadquartered in Catanduva, in the countryside of S\u00e3o Paulo, our trajectory was marked by family operations throughout the national territory.<br \/>\nToday, we are one of the largest companies in the stationery market in Brazil, and we have invested in professionalizing management and structured governance.<br \/>\nFind out a little about this story below and discover more about Animativa.<\/p>\n                  <\/div>\n      <\/div>\n\n          <\/div>\n  <\/section>\n\n\n  \n  <section class=\"institutional-purpose\">\n    <div class=\"grafismo\">\n      <img decoding=\"async\" loading=\"lazy\" src=\"https:\/\/www.animativa.com\/wp-content\/themes\/futurebrand\/img\/grafismos\/grafismo-inst-2.svg\" alt=\"\">\n    <\/div>\n\n    <div class=\"container\">\n      <div class=\"content\">\n                  <h2 class=\"title\">Our purpose<\/h2>\n                          <h3 class=\"subtitle\">Awaken everyone\u2019s creative potential to transform dreamers into achievers.<\/h3>\n              <\/div>\n    <\/div>\n\n    <div class=\"container institutional-purpose__values\">\n      <div class=\"institutional-purpose__values__container\">\n        <h2 class=\"our-values-title\" data-text=\"OUR VALUES\" data-text-style=\"oUr vaLues\"><span class=\"lowercase\">O<\/span><span class=\"uppercase\">u<\/span><span class=\"lowercase\">r<\/span><span class=\"uppercase\"> <\/span><span class=\"lowercase\">va<\/span><span class=\"uppercase\">l<\/span><span class=\"lowercase\">ues<\/span><\/h2>\n\n        <div class=\"institutional-purpose-carousel\">\n                                  <article class=\"institutional-purpose-carousel__item\">\n              <p class=\"subtitle\">We believe in&#8230;<\/p>\n              <h3 class=\"title\" data-title-text=\"Valuing all talents\" data-title-style=\"Valuing aLl taleNts\">V<\/span><span class=\"lowercase\">aluing<\/span><span class=\"uppercase\"> <\/span><span class=\"lowercase\">a<\/span><span class=\"uppercase\">l<\/span><span class=\"lowercase\">l<\/span><span class=\"uppercase\"> <\/span><span class=\"lowercase\">tale<\/span><span class=\"uppercase\">n<\/span><span class=\"lowercase\">ts<\/span><\/h3>\n                          <\/article>\n                                  <article class=\"institutional-purpose-carousel__item\">\n              <p class=\"subtitle\">We believe in&#8230;<\/p>\n              <h3 class=\"title\" data-title-text=\"Live creating\" data-title-style=\"Live creatinG\">L<\/span><span class=\"lowercase\">ive<\/span><span class=\"uppercase\"> <\/span><span class=\"lowercase\">creatin<\/span><span class=\"uppercase\">g<\/span><\/h3>\n                          <\/article>\n                                  <article class=\"institutional-purpose-carousel__item\">\n              <p class=\"subtitle\">We believe in&#8230;<\/p>\n              <h3 class=\"title\" data-title-text=\"Search for new perspectives\" data-title-style=\"seArch for nEw perSpectives\"><span class=\"lowercase\">Se<\/span><span class=\"uppercase\">a<\/span><span class=\"lowercase\">rch<\/span><span class=\"uppercase\"> <\/span><span class=\"lowercase\">for<\/span><span class=\"uppercase\"> <\/span><span class=\"lowercase\">n<\/span><span class=\"uppercase\">e<\/span><span class=\"lowercase\">w<\/span><span class=\"uppercase\"> <\/span><span class=\"lowercase\">per<\/span><span class=\"uppercase\">s<\/span><span class=\"lowercase\">pectives<\/span><\/h3>\n                          <\/article>\n                                  <article class=\"institutional-purpose-carousel__item\">\n              <p class=\"subtitle\">We believe in&#8230;<\/p>\n              <h3 class=\"title\" data-title-text=\"Engage to develop\" data-title-style=\"eNgage to develop\"><span class=\"lowercase\">E<\/span><span class=\"uppercase\">n<\/span><span class=\"lowercase\">gage<\/span><span class=\"uppercase\"> <\/span><span class=\"lowercase\">to<\/span><span class=\"uppercase\"> <\/span><span class=\"lowercase\">develop<\/span><\/h3>\n                          <\/article>\n                                  <article class=\"institutional-purpose-carousel__item\">\n              <p class=\"subtitle\">We believe in&#8230;<\/p>\n              <h3 class=\"title\" data-title-text=\"Act with transparency\" data-title-style=\"acT with tranSparency\"><span class=\"lowercase\">Ac<\/span><span class=\"uppercase\">t <\/span><span class=\"lowercase\">with<\/span><span class=\"uppercase\"> <\/span><span class=\"lowercase\">tran<\/span><span class=\"uppercase\">s<\/span><span class=\"lowercase\">parency<\/span><\/h3>\n                          <\/article>\n                  <\/div>\n      <\/div>\n\n    <\/div>\n  <\/section>\n\n\n    <section class=\"institutional-bignumbers\">\n    <div class=\"grafismo\">\n      <img decoding=\"async\" loading=\"lazy\" src=\"https:\/\/www.animativa.com\/wp-content\/themes\/futurebrand\/img\/grafismos\/grafismo-inst-3.svg\" alt=\"\">\n    <\/div>\n\n    <div class=\"container\">\n      <div class=\"row\">\n        <div class=\"col-12\">\n          <h2 class=\"title\" data-text=\"Animativa in numbers\" data-text-style=\"animativa in numbers\">\n            <span class=\"lowercase\">Animativa<\/span><span class=\"uppercase\"> <\/span><span class=\"lowercase\">in<\/span><span class=\"uppercase\"> <\/span><span class=\"lowercase\">numbers<\/span>          <\/h2>\n\n          <div class=\"boxes\">\n                                        <div class=\"boxes__item\">\n                                  <img decoding=\"async\" loading=\"lazy\" class=\"boxes__item--icon\" src=\"https:\/\/www.animativa.com\/wp-content\/uploads\/2024\/03\/users.png\">\n                \n                <div class=\"boxes__item--info\">\n                  <p class=\"boxes__item--number\">+410<\/p>\n                  <div class=\"boxes__item--description\"><p>DIRECT employees<\/p>\n<\/div>\n                <\/div>\n              <\/div>\n                                        <div class=\"boxes__item\">\n                                  <img decoding=\"async\" loading=\"lazy\" class=\"boxes__item--icon\" src=\"https:\/\/www.animativa.com\/wp-content\/uploads\/2024\/03\/briefcase.png\">\n                \n                <div class=\"boxes__item--info\">\n                  <p class=\"boxes__item--number\">+7.000<\/p>\n                  <div class=\"boxes__item--description\"><p>active clients (B2B)<\/p>\n<\/div>\n                <\/div>\n              <\/div>\n                                        <div class=\"boxes__item\">\n                                  <img decoding=\"async\" loading=\"lazy\" class=\"boxes__item--icon\" src=\"https:\/\/www.animativa.com\/wp-content\/uploads\/2024\/03\/contacts.png\">\n                \n                <div class=\"boxes__item--info\">\n                  <p class=\"boxes__item--number\">14.500<\/p>\n                  <div class=\"boxes__item--description\"><p>tons\/year installed capacity<\/p>\n<\/div>\n                <\/div>\n              <\/div>\n                                        <div class=\"boxes__item\">\n                                  <img decoding=\"async\" loading=\"lazy\" class=\"boxes__item--icon\" src=\"https:\/\/www.animativa.com\/wp-content\/uploads\/2024\/03\/box.png\">\n                \n                <div class=\"boxes__item--info\">\n                  <p class=\"boxes__item--number\">18,000 m\u00b2 <\/p>\n                  <div class=\"boxes__item--description\"><p>production\/storage<\/p>\n<\/div>\n                <\/div>\n              <\/div>\n                                        <div class=\"boxes__item\">\n                                  <img decoding=\"async\" loading=\"lazy\" class=\"boxes__item--icon\" src=\"https:\/\/www.animativa.com\/wp-content\/uploads\/2024\/03\/route.png\">\n                \n                <div class=\"boxes__item--info\">\n                  <p class=\"boxes__item--number\">2 cd<\/p>\n                  <div class=\"boxes__item--description\"><p>1 CD in the Northeast region and 1 CD in the Southeast region<\/p>\n<\/div>\n                <\/div>\n              <\/div>\n                      <\/div>\n        <\/div>\n      <\/div>\n\n    <\/div>\n  <\/section>\n\n\n    <section class=\"institutional-timeline\">\n    <div class=\"container\">\n      <div class=\"row\">\n        <div class=\"institutional-timeline__header col-12\">\n          <h2 class=\"title\" data-text=\"Our History \" data-text-style=\"oUr hiStory \">\n            <span class=\"lowercase\">O<\/span><span class=\"uppercase\">u<\/span><span class=\"lowercase\">r<\/span><span class=\"uppercase\"> <\/span><span class=\"lowercase\">hi<\/span><span class=\"uppercase\">s<\/span><span class=\"lowercase\">tory<\/span><span class=\"uppercase\"> <\/span>          <\/h2>\n\n                  <\/div>\n      <\/div>\n\n      \n      <span class=\"arrows\">\n        <img loading=\"lazy\" decoding=\"async\" loading=\"lazy\" src=\"https:\/\/www.animativa.com\/wp-content\/themes\/futurebrand\/img\/icons\/arrow-left.png\" alt=\"arrow-left\" width=\"25\" height=\"24\">\n        Arraste para o lado e navegue entre os anos\n        <img loading=\"lazy\" decoding=\"async\" loading=\"lazy\" src=\"https:\/\/www.animativa.com\/wp-content\/themes\/futurebrand\/img\/icons\/arrow-right.png\" alt=\"arrow-right\" width=\"25\" height=\"24\">\n      <\/span>\n    <\/div>\n\n    <div class=\"timeline\">\n              <div class=\"timeline__item\">\n          <span class=\"date\">1944<\/span>\n                      <div class=\"description\">\n              <p>The history of S\u00e3o Domingos began in 1944, when the brothers Jos\u00e9. Ant\u00f4nio, Pedro and Octacilio Boso acquired the local newspaper with regional distribution and expanded the graphics sector to produce standardized printed materials, books and certificates for notary offices, parishes and city halls.<\/p>\n            <\/div>\n                    <div class=\"image\" style=\"background-color: #692ae0 ;background-image: url()\"><\/div>\n        <\/div>\n              <div class=\"timeline__item\">\n          <span class=\"date\">1952<\/span>\n                      <div class=\"description\">\n              <p>In 1952, the company moved to Catanduva\/SP and expanded its business throughout the country.<\/p>\n            <\/div>\n                    <div class=\"image\" style=\"background-color: #692ae0 ;background-image: url()\"><\/div>\n        <\/div>\n              <div class=\"timeline__item\">\n          <span class=\"date\">1970<\/span>\n                      <div class=\"description\">\n              <p>S\u00e3o Domingos typographic shop on Rua Minas Gerais in Catanduva.<\/p>\n            <\/div>\n                    <div class=\"image\" style=\"background-color: #692ae0 ;background-image: url(https:\/\/www.animativa.com\/wp-content\/uploads\/2024\/03\/1970.png)\"><\/div>\n        <\/div>\n              <div class=\"timeline__item\">\n          <span class=\"date\">1980<\/span>\n                      <div class=\"description\">\n              <p>Founders of S\u00e3o Domingos S\/A Ind\u00fastria Gr\u00e1fica.<\/p>\n            <\/div>\n                    <div class=\"image\" style=\"background-color: #692ae0 ;background-image: url(https:\/\/www.animativa.com\/wp-content\/uploads\/2024\/03\/1980.png)\"><\/div>\n        <\/div>\n              <div class=\"timeline__item\">\n          <span class=\"date\">1985<\/span>\n                      <div class=\"description\">\n              <p>Typographic shop already established in the Industrial District in Catanduva. In 1985, S\u00e3o Domingos began producing notebooks and diaries for the school sector, beginning a new phase and gaining prominence in this market segment.<\/p>\n            <\/div>\n                    <div class=\"image\" style=\"background-color: #692ae0 ;background-image: url(https:\/\/www.animativa.com\/wp-content\/uploads\/2024\/03\/1985.png)\"><\/div>\n        <\/div>\n              <div class=\"timeline__item\">\n          <span class=\"date\">1995<\/span>\n                      <div class=\"description\">\n              <p>Acquisition of Bielo Autom\u00e1tica for the company, at the end of this year.<\/p>\n            <\/div>\n                    <div class=\"image\" style=\"background-color: #692ae0 ;background-image: url(https:\/\/www.animativa.com\/wp-content\/uploads\/2024\/03\/1995.png)\"><\/div>\n        <\/div>\n              <div class=\"timeline__item\">\n          <span class=\"date\">2020<\/span>\n                      <div class=\"description\">\n              <p>Current SD Inova\u00e7\u00f5es Gr\u00e1ficas.<\/p>\n            <\/div>\n                    <div class=\"image\" style=\"background-color: #692ae0 ;background-image: url()\"><\/div>\n        <\/div>\n              <div class=\"timeline__item\">\n          <span class=\"date\">2023<\/span>\n                      <div class=\"description\">\n              <p>SD Inova\u00e7\u00f5es Gr\u00e1ficas is now Animativa, a brand that enhances people&#8217;s creative potential. Currently, its products are exported to several countries, such as the United States, Costa Rica, Paraguay, Uruguay, among others.<\/p>\n            <\/div>\n                    <div class=\"image\" style=\"background-color: #b53ce1 ;background-image: url()\"><\/div>\n        <\/div>\n          <\/div>\n  <\/section>\n","protected":false},"excerpt":{"rendered":"","protected":false},"author":1,"featured_media":0,"parent":0,"menu_order":0,"comment_status":"closed","ping_status":"closed","template":"templates\/blocks.php","meta":{"_acf_changed":false,"content-type":"","footnotes":""},"class_list":["post-29660","page","type-page","status-publish","hentry"],"acf":[],"_links":{"self":[{"href":"https:\/\/www.animativa.com\/en\/wp-json\/wp\/v2\/pages\/29660","targetHints":{"allow":["GET"]}}],"collection":[{"href":"https:\/\/www.animativa.com\/en\/wp-json\/wp\/v2\/pages"}],"about":[{"href":"https:\/\/www.animativa.com\/en\/wp-json\/wp\/v2\/types\/page"}],"author":[{"embeddable":true,"href":"https:\/\/www.animativa.com\/en\/wp-json\/wp\/v2\/users\/1"}],"replies":[{"embeddable":true,"href":"https:\/\/www.animativa.com\/en\/wp-json\/wp\/v2\/comments?post=29660"}],"version-history":[{"count":6,"href":"https:\/\/www.animativa.com\/en\/wp-json\/wp\/v2\/pages\/29660\/revisions"}],"predecessor-version":[{"id":30110,"href":"https:\/\/www.animativa.com\/en\/wp-json\/wp\/v2\/pages\/29660\/revisions\/30110"}],"wp:attachment":[{"href":"https:\/\/www.animativa.com\/en\/wp-json\/wp\/v2\/media?parent=29660"}],"curies":[{"name":"wp","href":"https:\/\/api.w.org\/{rel}","templated":true}]}}