{"id":30072,"date":"2024-03-26T13:30:14","date_gmt":"2024-03-26T16:30:14","guid":{"rendered":"https:\/\/dev.animativa.com\/?page_id=30072"},"modified":"2024-11-01T09:27:38","modified_gmt":"2024-11-01T12:27:38","slug":"institucional","status":"publish","type":"page","link":"https:\/\/www.animativa.com\/es\/institucional\/","title":{"rendered":"Institucional"},"content":{"rendered":"  \n  <section class=\"institutional-hero\">\n    <div class=\"grafismo\">\n      <img decoding=\"async\" loading=\"lazy\" src=\"https:\/\/www.animativa.com\/wp-content\/themes\/futurebrand\/img\/grafismos\/grafismo-inst-1.svg\" alt=\"\">\n    <\/div>\n\n    <div class=\"container\">\n      <div class=\"about-grid\">\n                  <div id=\"js-image\" class=\"image\">\n            <img decoding=\"async\" loading=\"lazy\" src=\"https:\/\/www.animativa.com\/wp-content\/uploads\/2024\/07\/animativa-vertical-vetor.svg\" alt=\"\">\n          <\/div>\n        \n        <div id=\"js-content\" class=\"content\" data-animation=\"fadeInRight\">\n          <span>Institucional<\/span>\n          <h1 aria-label=\"\u00a1Descubre Animativa!\" data-text=\"\u00a1Descubre Animativa!\" data-text-style=\"\u00a1Descubre Animativa!\">\n            \u00a1d<\/span><span class=\"lowercase\">escubre<\/span><span class=\"uppercase\"> a<\/span><span class=\"lowercase\">nimativa<\/span><span class=\"uppercase\">!<\/span>          <\/h1>\n                      <p>Animativa naci\u00f3 en 1944 actuando en el mercado gr\u00e1fico con la impresi\u00f3n de diarios, impresos estandarizados, libros y certificados.<br \/>\nCon sede en Catanduva, interior de S\u00e3o Paulo, Brasil, nuestra trayectoria fue marcada por una actuaci\u00f3n familiar en todo el territorio nacional.<br \/>\nHoy, somos una de las empresas m\u00e1s grandes del mercado de papeler\u00eda en Brasil e invertimos en la profesionalizaci\u00f3n de la gesti\u00f3n y una gobernanza estructurada.<br \/>\nConozca un poco m\u00e1s de esta historia y descubra m\u00e1s sobre Animativa.<\/p>\n                  <\/div>\n      <\/div>\n\n          <\/div>\n  <\/section>\n\n\n  \n  <section class=\"institutional-purpose\">\n    <div class=\"grafismo\">\n      <img decoding=\"async\" loading=\"lazy\" src=\"https:\/\/www.animativa.com\/wp-content\/themes\/futurebrand\/img\/grafismos\/grafismo-inst-2.svg\" alt=\"\">\n    <\/div>\n\n    <div class=\"container\">\n      <div class=\"content\">\n                  <h2 class=\"title\">Nuestro prop\u00f3sito <\/h2>\n                          <h3 class=\"subtitle\">Despertar el potencial creativo de cada uno para transformar so\u00f1adores en realizadores.<\/h3>\n              <\/div>\n    <\/div>\n\n    <div class=\"container institutional-purpose__values\">\n      <div class=\"institutional-purpose__values__container\">\n        <h2 class=\"our-values-title\" data-text=\"Nuestros valores\" data-text-style=\"nuestrOs vAlores\"><span class=\"lowercase\">Nuestr<\/span><span class=\"uppercase\">o<\/span><span class=\"lowercase\">s<\/span><span class=\"uppercase\"> <\/span><span class=\"lowercase\">v<\/span><span class=\"uppercase\">a<\/span><span class=\"lowercase\">lores<\/span><\/h2>\n\n        <div class=\"institutional-purpose-carousel\">\n                                  <article class=\"institutional-purpose-carousel__item\">\n              <p class=\"subtitle\">Creemos en&#8230;<\/p>\n              <h3 class=\"title\" data-title-text=\"Valorizar todos los talentos\" data-title-style=\"Valorizar tOdos loS talentos\">V<\/span><span class=\"lowercase\">alorizar<\/span><span class=\"uppercase\"> <\/span><span class=\"lowercase\">t<\/span><span class=\"uppercase\">o<\/span><span class=\"lowercase\">dos<\/span><span class=\"uppercase\"> <\/span><span class=\"lowercase\">lo<\/span><span class=\"uppercase\">s <\/span><span class=\"lowercase\">talentos<\/span><\/h3>\n                          <\/article>\n                                  <article class=\"institutional-purpose-carousel__item\">\n              <p class=\"subtitle\">Creemos en&#8230;<\/p>\n              <h3 class=\"title\" data-title-text=\"Vivir creando\" data-title-style=\"Viver cReandO\">V<\/span><span class=\"lowercase\">iver<\/span><span class=\"uppercase\"> <\/span><span class=\"lowercase\">c<\/span><span class=\"uppercase\">r<\/span><span class=\"lowercase\">eand<\/span><span class=\"uppercase\">o<\/span><\/h3>\n                          <\/article>\n                                  <article class=\"institutional-purpose-carousel__item\">\n              <p class=\"subtitle\">Creemos en&#8230;<\/p>\n              <h3 class=\"title\" data-title-text=\"Buscar nuevas perspectivas\" data-title-style=\"buScAr nuevas perspectivas\"><span class=\"lowercase\">Bu<\/span><span class=\"uppercase\">s<\/span><span class=\"lowercase\">c<\/span><span class=\"uppercase\">a<\/span><span class=\"lowercase\">r<\/span><span class=\"uppercase\"> <\/span><span class=\"lowercase\">nuevas<\/span><span class=\"uppercase\"> <\/span><span class=\"lowercase\">perspectivas<\/span><\/h3>\n                          <\/article>\n                                  <article class=\"institutional-purpose-carousel__item\">\n              <p class=\"subtitle\">Creemos en&#8230;<\/p>\n              <h3 class=\"title\" data-title-text=\"Incluir para desarrollar\" data-title-style=\"iNcluir para desarrollar\"><span class=\"lowercase\">I<\/span><span class=\"uppercase\">n<\/span><span class=\"lowercase\">cluir<\/span><span class=\"uppercase\"> <\/span><span class=\"lowercase\">para<\/span><span class=\"uppercase\"> <\/span><span class=\"lowercase\">desarrollar<\/span><\/h3>\n                          <\/article>\n                                  <article class=\"institutional-purpose-carousel__item\">\n              <p class=\"subtitle\">Creemos en&#8230;<\/p>\n              <h3 class=\"title\" data-title-text=\"Actuar con transparencia\" data-title-style=\"aGir con transparencia\"><span class=\"lowercase\">A<\/span><span class=\"uppercase\">g<\/span><span class=\"lowercase\">ir<\/span><span class=\"uppercase\"> <\/span><span class=\"lowercase\">con<\/span><span class=\"uppercase\"> <\/span><span class=\"lowercase\">transparencia<\/span><\/h3>\n                          <\/article>\n                  <\/div>\n      <\/div>\n\n    <\/div>\n  <\/section>\n\n\n    <section class=\"institutional-bignumbers\">\n    <div class=\"grafismo\">\n      <img decoding=\"async\" loading=\"lazy\" src=\"https:\/\/www.animativa.com\/wp-content\/themes\/futurebrand\/img\/grafismos\/grafismo-inst-3.svg\" alt=\"\">\n    <\/div>\n\n    <div class=\"container\">\n      <div class=\"row\">\n        <div class=\"col-12\">\n          <h2 class=\"title\" data-text=\"Animativa en n\u00fameros\" data-text-style=\"animativa en n\u00fameros\">\n            <span class=\"lowercase\">Animativa<\/span><span class=\"uppercase\"> <\/span><span class=\"lowercase\">en<\/span><span class=\"uppercase\"> <\/span><span class=\"lowercase\">n\u00fameros<\/span>          <\/h2>\n\n          <div class=\"boxes\">\n                                        <div class=\"boxes__item\">\n                                  <img decoding=\"async\" loading=\"lazy\" class=\"boxes__item--icon\" src=\"https:\/\/www.animativa.com\/wp-content\/uploads\/2024\/03\/users.png\">\n                \n                <div class=\"boxes__item--info\">\n                  <p class=\"boxes__item--number\">+410 <\/p>\n                  <div class=\"boxes__item--description\"><p>colaboradores DIRECTOS<\/p>\n<\/div>\n                <\/div>\n              <\/div>\n                                        <div class=\"boxes__item\">\n                                  <img decoding=\"async\" loading=\"lazy\" class=\"boxes__item--icon\" src=\"https:\/\/www.animativa.com\/wp-content\/uploads\/2024\/03\/briefcase.png\">\n                \n                <div class=\"boxes__item--info\">\n                  <p class=\"boxes__item--number\">+7 mil <\/p>\n                  <div class=\"boxes__item--description\"><p>clientes activos (B2B)<\/p>\n<\/div>\n                <\/div>\n              <\/div>\n                                        <div class=\"boxes__item\">\n                                  <img decoding=\"async\" loading=\"lazy\" class=\"boxes__item--icon\" src=\"https:\/\/www.animativa.com\/wp-content\/uploads\/2024\/03\/contacts.png\">\n                \n                <div class=\"boxes__item--info\">\n                  <p class=\"boxes__item--number\">14.500<\/p>\n                  <div class=\"boxes__item--description\"><p>toneladas \/ a\u00f1o de capacidad instalada<\/p>\n<\/div>\n                <\/div>\n              <\/div>\n                                        <div class=\"boxes__item\">\n                                  <img decoding=\"async\" loading=\"lazy\" class=\"boxes__item--icon\" src=\"https:\/\/www.animativa.com\/wp-content\/uploads\/2024\/03\/box.png\">\n                \n                <div class=\"boxes__item--info\">\n                  <p class=\"boxes__item--number\">18 mil m\u00b2 <\/p>\n                  <div class=\"boxes__item--description\"><p>producci\u00f3n\/almacenaje<\/p>\n<\/div>\n                <\/div>\n              <\/div>\n                                        <div class=\"boxes__item\">\n                                  <img decoding=\"async\" loading=\"lazy\" class=\"boxes__item--icon\" src=\"https:\/\/www.animativa.com\/wp-content\/uploads\/2024\/03\/route.png\">\n                \n                <div class=\"boxes__item--info\">\n                  <p class=\"boxes__item--number\">2 CDs <\/p>\n                  <div class=\"boxes__item--description\"><p>1 CD en el Nordeste e 1 CD en el Sudeste<\/p>\n<\/div>\n                <\/div>\n              <\/div>\n                      <\/div>\n        <\/div>\n      <\/div>\n\n    <\/div>\n  <\/section>\n\n\n    <section class=\"institutional-timeline\">\n    <div class=\"container\">\n      <div class=\"row\">\n        <div class=\"institutional-timeline__header col-12\">\n          <h2 class=\"title\" data-text=\"Nuestra Historia\" data-text-style=\"nUestra hiStoria\">\n            <span class=\"lowercase\">N<\/span><span class=\"uppercase\">u<\/span><span class=\"lowercase\">estra<\/span><span class=\"uppercase\"> <\/span><span class=\"lowercase\">hi<\/span><span class=\"uppercase\">s<\/span><span class=\"lowercase\">toria<\/span>          <\/h2>\n\n                  <\/div>\n      <\/div>\n\n      \n      <span class=\"arrows\">\n        <img loading=\"lazy\" decoding=\"async\" loading=\"lazy\" src=\"https:\/\/www.animativa.com\/wp-content\/themes\/futurebrand\/img\/icons\/arrow-left.png\" alt=\"arrow-left\" width=\"25\" height=\"24\">\n        Arraste para o lado e navegue entre os anos\n        <img loading=\"lazy\" decoding=\"async\" loading=\"lazy\" src=\"https:\/\/www.animativa.com\/wp-content\/themes\/futurebrand\/img\/icons\/arrow-right.png\" alt=\"arrow-right\" width=\"25\" height=\"24\">\n      <\/span>\n    <\/div>\n\n    <div class=\"timeline\">\n              <div class=\"timeline__item\">\n          <span class=\"date\">1944<\/span>\n                      <div class=\"description\">\n              <p>La historia de S\u00e3o Domingos se inici\u00f3 en 1944, cuando los hermanos Jos\u00e9. Ant\u00f4nio, Pedro y Octacilio Boso adquirieron el diario local con distribuci\u00f3n regional y ampliar el sector gr\u00e1fico para producci\u00f3n de impresos estandarizados, libros y certificados para notarios, parroquias y municipalidades.<\/p>\n            <\/div>\n                    <div class=\"image\" style=\"background-color: #692AE0 ;background-image: url()\"><\/div>\n        <\/div>\n              <div class=\"timeline__item\">\n          <span class=\"date\">1952<\/span>\n                      <div class=\"description\">\n              <p>En 1952, la empresa se mud\u00f3 a Catanduva\/SP y expandi\u00f3 el negocio para todo el territorio nacional.<\/p>\n            <\/div>\n                    <div class=\"image\" style=\"background-color: #692AE0 ;background-image: url()\"><\/div>\n        <\/div>\n              <div class=\"timeline__item\">\n          <span class=\"date\">1970<\/span>\n                      <div class=\"description\">\n              <p>Tipograf\u00eda S\u00e3o Domingos en Rua Minas Gerais en Catanduva.<\/p>\n            <\/div>\n                    <div class=\"image\" style=\"background-color: #692AE0 ;background-image: url(https:\/\/www.animativa.com\/wp-content\/uploads\/2024\/03\/1970.png)\"><\/div>\n        <\/div>\n              <div class=\"timeline__item\">\n          <span class=\"date\">1980<\/span>\n                      <div class=\"description\">\n              <p>Fundadores de S\u00e3o Domingos S\/A Ind\u00fastria Gr\u00e1fica.<\/p>\n            <\/div>\n                    <div class=\"image\" style=\"background-color: #692AE0 ;background-image: url(https:\/\/www.animativa.com\/wp-content\/uploads\/2024\/03\/1980.png)\"><\/div>\n        <\/div>\n              <div class=\"timeline__item\">\n          <span class=\"date\">1985<\/span>\n                      <div class=\"description\">\n              <p>Tipograf\u00eda ya establecida en el Distrito Industrial en Catanduva. S\u00e3o Domingos inici\u00f3 la producci\u00f3n de cuadernos y agendas para el sector escolar, dando inicio a una fase nueva ganando destaque en ese segmento del mercado.<\/p>\n            <\/div>\n                    <div class=\"image\" style=\"background-color: #692AE0 ;background-image: url(https:\/\/www.animativa.com\/wp-content\/uploads\/2024\/03\/1985.png)\"><\/div>\n        <\/div>\n              <div class=\"timeline__item\">\n          <span class=\"date\">1995<\/span>\n                      <div class=\"description\">\n              <p>Adquisici\u00f3n de Bielo Autom\u00e1tica para la empresa, al final de este a\u00f1o.<\/p>\n            <\/div>\n                    <div class=\"image\" style=\"background-color: #692AE0 ;background-image: url(https:\/\/www.animativa.com\/wp-content\/uploads\/2024\/03\/1995.png)\"><\/div>\n        <\/div>\n              <div class=\"timeline__item\">\n          <span class=\"date\">2020<\/span>\n                      <div class=\"description\">\n              <p>Actual SD Inova\u00e7\u00f5es Gr\u00e1ficas.<\/p>\n            <\/div>\n                    <div class=\"image\" style=\"background-color: #692AE0 ;background-image: url()\"><\/div>\n        <\/div>\n              <div class=\"timeline__item\">\n          <span class=\"date\">2023<\/span>\n                      <div class=\"description\">\n              <p>SD Inova\u00e7\u00f5es Gr\u00e1ficas ahora es Animativa, una marca que aumenta el potencial creativo de las personas. Actualmente, sus productos son exportados para diversos pa\u00edses, como Estados Unidos, Costa Rica, Paraguay, Uruguay, entre otros.<\/p>\n            <\/div>\n                    <div class=\"image\" style=\"background-color: #692AE0 ;background-image: url()\"><\/div>\n        <\/div>\n          <\/div>\n  <\/section>\n","protected":false},"excerpt":{"rendered":"","protected":false},"author":12,"featured_media":0,"parent":0,"menu_order":0,"comment_status":"closed","ping_status":"closed","template":"templates\/blocks.php","meta":{"_acf_changed":false,"content-type":"","footnotes":""},"class_list":["post-30072","page","type-page","status-publish","hentry"],"acf":[],"_links":{"self":[{"href":"https:\/\/www.animativa.com\/es\/wp-json\/wp\/v2\/pages\/30072","targetHints":{"allow":["GET"]}}],"collection":[{"href":"https:\/\/www.animativa.com\/es\/wp-json\/wp\/v2\/pages"}],"about":[{"href":"https:\/\/www.animativa.com\/es\/wp-json\/wp\/v2\/types\/page"}],"author":[{"embeddable":true,"href":"https:\/\/www.animativa.com\/es\/wp-json\/wp\/v2\/users\/12"}],"replies":[{"embeddable":true,"href":"https:\/\/www.animativa.com\/es\/wp-json\/wp\/v2\/comments?post=30072"}],"version-history":[{"count":5,"href":"https:\/\/www.animativa.com\/es\/wp-json\/wp\/v2\/pages\/30072\/revisions"}],"predecessor-version":[{"id":34006,"href":"https:\/\/www.animativa.com\/es\/wp-json\/wp\/v2\/pages\/30072\/revisions\/34006"}],"wp:attachment":[{"href":"https:\/\/www.animativa.com\/es\/wp-json\/wp\/v2\/media?parent=30072"}],"curies":[{"name":"wp","href":"https:\/\/api.w.org\/{rel}","templated":true}]}}